{"id":5869,"date":"2026-04-16T11:16:36","date_gmt":"2026-04-16T10:16:36","guid":{"rendered":"https:\/\/leseditionsducredij.org\/?post_type=product&#038;p=5869"},"modified":"2026-04-16T11:47:41","modified_gmt":"2026-04-16T10:47:41","slug":"etudes-de-droit-judiciaire-prive-les-cahiers-du-credij-n5","status":"publish","type":"product","link":"https:\/\/leseditionsducredij.org\/index.php\/produit\/etudes-de-droit-judiciaire-prive-les-cahiers-du-credij-n5\/","title":{"rendered":"Etudes de droit judiciaire priv\u00e9, Les Cahiers du CREDIJ, N\u00b05"},"content":{"rendered":"<p>Le droit judiciaire priv\u00e9 est \u00ab\u00a0un droit sanctionnateur au service des droits substantiels\u00a0\u00bb qui fonde la nature processuelle du droit. Il en est le moteur en ce qu\u2019il structure l\u2019action en justice, un \u00ab\u00a0pouvoir fondamental de l\u2019\u00eatre humain\u00a0\u00bb,\u00a0en la conditionnant par l\u2019existence d\u2019un litige. Alors la justice, entendue comme l\u2019institution, devient le cadre d\u2019extinction de ce litige. Pour atteindre cette finalit\u00e9, le droit judiciaire priv\u00e9 fait intervenir des personnes \u00e9trang\u00e8res au litige qu\u2019il habilite pour le trancher entre les parties int\u00e9ress\u00e9es, selon qu\u2019il s\u2019agit d\u2019un contentieux subjectif ou objectif, dans une suite d\u2019acte de proc\u00e9dure appel\u00e9e instance.<\/p>\n<p>C&rsquo;est de cette mani\u00e8re que se sch\u00e9matisent les travaux scientifiques des auditeurs en master droit priv\u00e9 fondamental, promotion 2023-2025, de l&rsquo;Universit\u00e9 de Lom\u00e9 (Togo), sous la direction scientifique du Professeur Joseph DJOGBENOU, dans le cadre de leur cours de Droit Judiciaire Priv\u00e9. Ces travaux s&rsquo;articulent autour des notions d'\u00a0\u00bbaction en justice\u00a0\u00bb, de \u00ab\u00a0litige\u00a0\u00bb, de \u00ab\u00a0tiers en droit judiciaire priv\u00e9\u00a0\u00bb, de \u00ab\u00a0parties\u00a0\u00bb et d'\u00a0\u00bbinstance\u00a0\u00bb.<\/p>\n<p>Etudes de droit judiciaire priv\u00e9, Les Cahiers du CREDIJ, N\u00b05, Les Editions du CREDIJ, 146 pages.<\/p>\n","protected":false},"excerpt":{"rendered":"<p>Le Centre de Recherches et d\u2019Etudes en droit et Institutions Judiciaires en Afrique (CREDIJ) est un Centre de recherche de la Facult\u00e9 de droit et de sciences politiques de l\u2019Universit\u00e9 d\u2019Abomey-Calavi.<\/p>\n<p>Institu\u00e9 et dirig\u00e9 par le Professeur Joseph DJOGBENOU, il conduit des recherches approfondies en droit judiciaire africain et s\u2019int\u00e9resse aux institutions judiciaire du m\u00eame espace.<\/p>\n<p>Les Cahiers du CREDIJ ont pour objectif de valoriser les travaux des jeunes chercheurs en droit, notamment les doctorants, ainsi qu\u2019aux praticiens, d\u2019assurer une meilleure visibilit\u00e9 aux recherches en droit b\u00e9ninois, en droit africain plus g\u00e9n\u00e9ralement, et notamment en droit et institutions judiciaires, d\u2019encourager une approche critique et comparative du droit, en int\u00e9grant des contributions analysant les influences du droit international et du droit \u00e9tranger, d\u2019offrir un cadre de r\u00e9flexion scientifique accessible aux universitaires et aux praticiens du droit, de d\u00e9volopper un espace de dialogue entre la recherche acad\u00e9mique et la pratique juridique.<\/p>\n","protected":false},"featured_media":5870,"comment_status":"open","ping_status":"closed","template":"","meta":[],"authors":[127],"publishers":[],"product_brand":[],"product_cat":[92,119],"product_tag":[105],"class_list":{"0":"post-5869","1":"product","2":"type-product","3":"status-publish","4":"has-post-thumbnail","6":"authors-joseph-djogbenou-s-dir","7":"product_cat-cours-et-manuels","8":"product_cat-formation","9":"product_tag-nouveautes","10":"entry","11":"has-media","14":"first","15":"instock","16":"shipping-taxable","17":"purchasable","18":"product-type-simple","19":"has-product-nav","20":"col","21":"span_1_of_4","22":"owp-content-center","23":"owp-thumbs-layout-horizontal","24":"owp-btn-normal","25":"owp-tabs-layout-horizontal","26":"has-no-thumbnails"},"jetpack_sharing_enabled":true,"_links":{"self":[{"href":"https:\/\/leseditionsducredij.org\/index.php\/wp-json\/wp\/v2\/product\/5869","targetHints":{"allow":["GET"]}}],"collection":[{"href":"https:\/\/leseditionsducredij.org\/index.php\/wp-json\/wp\/v2\/product"}],"about":[{"href":"https:\/\/leseditionsducredij.org\/index.php\/wp-json\/wp\/v2\/types\/product"}],"replies":[{"embeddable":true,"href":"https:\/\/leseditionsducredij.org\/index.php\/wp-json\/wp\/v2\/comments?post=5869"}],"wp:featuredmedia":[{"embeddable":true,"href":"https:\/\/leseditionsducredij.org\/index.php\/wp-json\/wp\/v2\/media\/5870"}],"wp:attachment":[{"href":"https:\/\/leseditionsducredij.org\/index.php\/wp-json\/wp\/v2\/media?parent=5869"}],"wp:term":[{"taxonomy":"authors","embeddable":true,"href":"https:\/\/leseditionsducredij.org\/index.php\/wp-json\/wp\/v2\/authors?post=5869"},{"taxonomy":"publishers","embeddable":true,"href":"https:\/\/leseditionsducredij.org\/index.php\/wp-json\/wp\/v2\/publishers?post=5869"},{"taxonomy":"product_brand","embeddable":true,"href":"https:\/\/leseditionsducredij.org\/index.php\/wp-json\/wp\/v2\/product_brand?post=5869"},{"taxonomy":"product_cat","embeddable":true,"href":"https:\/\/leseditionsducredij.org\/index.php\/wp-json\/wp\/v2\/product_cat?post=5869"},{"taxonomy":"product_tag","embeddable":true,"href":"https:\/\/leseditionsducredij.org\/index.php\/wp-json\/wp\/v2\/product_tag?post=5869"}],"curies":[{"name":"wp","href":"https:\/\/api.w.org\/{rel}","templated":true}]}}