{"id":5867,"date":"2026-04-16T10:57:37","date_gmt":"2026-04-16T09:57:37","guid":{"rendered":"https:\/\/leseditionsducredij.org\/?post_type=product&#038;p=5867"},"modified":"2026-04-16T10:57:37","modified_gmt":"2026-04-16T09:57:37","slug":"etudes-de-theorie-generale-et-du-proces-les-cahiers-du-credij-n4","status":"publish","type":"product","link":"https:\/\/leseditionsducredij.org\/index.php\/produit\/etudes-de-theorie-generale-et-du-proces-les-cahiers-du-credij-n4\/","title":{"rendered":"Etudes de th\u00e9orie g\u00e9n\u00e9rale et du proc\u00e8s, Les Cahiers du CREDIJ, N\u00b04"},"content":{"rendered":"<p>L&rsquo;artifice fonde la logique juridique en fa\u00e7onnant les normes \u00e0 partir du r\u00e9el, qu&rsquo;il emprunte ou d\u00e9passe selon les objectifs poursuivis. Cette construction abstraite repose sur la qualification et la conceptualisation\u00a0\u00bb de r\u00e8gles transpos\u00e9es, \u00ab\u00a0tout droit naissant d&rsquo;une r\u00e8gle\u00a0\u00bb. Par-del\u00e0 la formation, l&rsquo;application du droit mobilise pr\u00e9somptions et fictions pour \u00e9tablir ses effets sans adh\u00e9sion au fait brut, un tel irr\u00e9alisme qui ne l&#8217;emp\u00eache pas de faire appel \u00e0 la force par laquelle il se d\u00e9finit.<\/p>\n<p>Mais avant de l&rsquo;introduire, le droit autorise le duel (le proc\u00e8s) pour qu&rsquo;\u00e9mane la v\u00e9rit\u00e9, dans une finalit\u00e9 de justice, permettant aux parties d&rsquo;exercer leurs doits pour pr\u00e9server leurs int\u00e9r\u00eats. Par souci d&rsquo;humanisme, il va m\u00eame jusqu&rsquo;\u00e0 autoriser le silence et la contractualisation entre elles.<\/p>\n<p>C&rsquo;est dans ces perspectives actualis\u00e9es de th\u00e9orie g\u00e9n\u00e9rale de droit et du proc\u00e8s que, sous la direction scientifique du professeur Joseph DJOGBENOU, les auditeurs en master 1 \u00ab\u00a0droit priv\u00e9 fondamental\u00a0\u00bb et en master 2 \u00ab\u00a0droit et institutions judiciaires\u00a0\u00bb et \u00ab\u00a0droit priv\u00e9 fondamental\u00a0\u00bbde l&rsquo;Ecole Doctorale des Sciences Juridiques, Politiques et Administratives de l&rsquo;Universit\u00e9 d&rsquo;Abomey-Calavi (B\u00e9nin), Promotion 2024-2025, dans le cadre des cours et de la recherche en \u00ab\u00a0Th\u00e9orie g\u00e9n\u00e9rale du droit\u00a0\u00bb et \u00ab\u00a0Th\u00e9orie g\u00e9n\u00e9rale du proc\u00e8s\u00a0\u00bb, ont su aborder les questions essentielles sur le \u00ab\u00a0fait\u00a0\u00bb, \u00ab\u00a0l&rsquo;artifice\u00a0\u00bb et la \u00ab\u00a0fiction\u00a0\u00bb en rapport au droit et sur les \u00ab\u00a0droits\u00a0\u00bb face aux m\u00e9andres des contextes politiques, \u00e9conomiques et sociaux d&rsquo;une part et celles de \u00ab\u00a0justice\u00a0\u00bb, d'\u00a0\u00bbint\u00e9r\u00eat\u00a0\u00bb, d'\u00a0\u00bbartifice\u00a0\u00bb, de \u00ab\u00a0contrat \u00a0\u00bb et de \u00ab\u00a0silence en rapport au proc\u00e8s, d&rsquo;autre part.<\/p>\n<p>Etudes de th\u00e9orie g\u00e9n\u00e9rale de droit et du proc\u00e8s, Les Cahiers du CREDIJ, N\u00b04, Les Editions du CREDIJ, 2025, 295 pages.<\/p>\n","protected":false},"excerpt":{"rendered":"<p>Le Centre de Recherches et d&rsquo;Etudes en droit et Institutions Judiciaires en Afrique (CREDIJ) est un Centre de recherche de la Facult\u00e9 de droit et de sciences politiques de l&rsquo;Universit\u00e9 d&rsquo;Abomey-Calavi.<\/p>\n<p>Institu\u00e9 et dirig\u00e9 par le Professeur Joseph DJOGBENOU, il conduit des recherches approfondies en droit judiciaire africain et s&rsquo;int\u00e9resse aux institutions judiciaire du m\u00eame espace.<\/p>\n<p>Les Cahiers du CREDIJ ont pour objectif de valoriser les travaux des jeunes chercheurs en droit, notamment les doctorants, ainsi qu&rsquo;aux praticiens, d&rsquo;assurer une meilleure visibilit\u00e9 aux recherches en droit b\u00e9ninois, en droit africain plus g\u00e9n\u00e9ralement, et notamment en droit et institutions judiciaires, d&rsquo;encourager une approche critique et comparative du droit, en int\u00e9grant des contributions analysant les influences du droit international et du droit \u00e9tranger, d&rsquo;offrir un cadre de r\u00e9flexion scientifique accessible aux universitaires et aux praticiens du droit, de d\u00e9volopper un espace de dialogue entre la recherche acad\u00e9mique et la pratique juridique.<\/p>\n","protected":false},"featured_media":5864,"comment_status":"open","ping_status":"closed","template":"","meta":[],"authors":[127],"publishers":[],"product_brand":[],"product_cat":[92,119],"product_tag":[105],"class_list":{"0":"post-5867","1":"product","2":"type-product","3":"status-publish","4":"has-post-thumbnail","6":"authors-joseph-djogbenou-s-dir","7":"product_cat-cours-et-manuels","8":"product_cat-formation","9":"product_tag-nouveautes","10":"entry","11":"has-media","14":"first","15":"instock","16":"shipping-taxable","17":"purchasable","18":"product-type-simple","19":"has-product-nav","20":"col","21":"span_1_of_4","22":"owp-content-center","23":"owp-thumbs-layout-horizontal","24":"owp-btn-normal","25":"owp-tabs-layout-horizontal","26":"has-no-thumbnails"},"jetpack_sharing_enabled":true,"_links":{"self":[{"href":"https:\/\/leseditionsducredij.org\/index.php\/wp-json\/wp\/v2\/product\/5867","targetHints":{"allow":["GET"]}}],"collection":[{"href":"https:\/\/leseditionsducredij.org\/index.php\/wp-json\/wp\/v2\/product"}],"about":[{"href":"https:\/\/leseditionsducredij.org\/index.php\/wp-json\/wp\/v2\/types\/product"}],"replies":[{"embeddable":true,"href":"https:\/\/leseditionsducredij.org\/index.php\/wp-json\/wp\/v2\/comments?post=5867"}],"wp:featuredmedia":[{"embeddable":true,"href":"https:\/\/leseditionsducredij.org\/index.php\/wp-json\/wp\/v2\/media\/5864"}],"wp:attachment":[{"href":"https:\/\/leseditionsducredij.org\/index.php\/wp-json\/wp\/v2\/media?parent=5867"}],"wp:term":[{"taxonomy":"authors","embeddable":true,"href":"https:\/\/leseditionsducredij.org\/index.php\/wp-json\/wp\/v2\/authors?post=5867"},{"taxonomy":"publishers","embeddable":true,"href":"https:\/\/leseditionsducredij.org\/index.php\/wp-json\/wp\/v2\/publishers?post=5867"},{"taxonomy":"product_brand","embeddable":true,"href":"https:\/\/leseditionsducredij.org\/index.php\/wp-json\/wp\/v2\/product_brand?post=5867"},{"taxonomy":"product_cat","embeddable":true,"href":"https:\/\/leseditionsducredij.org\/index.php\/wp-json\/wp\/v2\/product_cat?post=5867"},{"taxonomy":"product_tag","embeddable":true,"href":"https:\/\/leseditionsducredij.org\/index.php\/wp-json\/wp\/v2\/product_tag?post=5867"}],"curies":[{"name":"wp","href":"https:\/\/api.w.org\/{rel}","templated":true}]}}