{"id":5861,"date":"2026-04-15T13:41:17","date_gmt":"2026-04-15T12:41:17","guid":{"rendered":"https:\/\/leseditionsducredij.org\/?post_type=product&#038;p=5861"},"modified":"2026-04-16T11:01:37","modified_gmt":"2026-04-16T10:01:37","slug":"le-code-des-personnes-et-de-la-famille-vingt-20-ans-apres-quels-droits-pour-quelles-familles-les-actes-du-colloque-des-18-19-et-20-decembre-2024","status":"publish","type":"product","link":"https:\/\/leseditionsducredij.org\/index.php\/produit\/le-code-des-personnes-et-de-la-famille-vingt-20-ans-apres-quels-droits-pour-quelles-familles-les-actes-du-colloque-des-18-19-et-20-decembre-2024\/","title":{"rendered":"Le Code des personnes et de la famille, Vingt (20) ans apr\u00e8s: quel(s) droit(s) pour quelle(s) famille(s), Les actes du colloque des 18 &#8211; 19 et 20 d\u00e9cembre 2024"},"content":{"rendered":"<p>20 ans du Code des Personnes et de Famille, 20 ans que ce Code sert de pilier \u00e0 l&rsquo;organisation de la vie des individus, de leur naissance \u00e0 leur d\u00e9c\u00e8s.<\/p>\n<p>Au bout de ces deux d\u00e9cennies, un bilan s&rsquo;impose. C&rsquo;est dans cette perspective que s&rsquo;est tenu ce colloque consacr\u00e9 \u00e0 une analyse de la famille sous plusieurs aspects, envisag\u00e9 tant dans son rapport avec les personnes que son interaction avec d&rsquo;autres disciplines.<\/p>\n<p>Le code des personnes et de la famille, 20 ans apr\u00e8s, quel(s) droits pour quelle(s) famille(s) b\u00e9ninoise(s) ?, Les actes du Colloque des 18 &#8211; 19 et 20 d\u00e9cembre 2024, Les Edtions du Credij, 2025, 687 pages.<\/p>\n","protected":false},"excerpt":{"rendered":"<p>Tel une personne \u00e0 la crois\u00e9e des chemins \u00e0 sa majorit\u00e9, le code des personnes et de la famille du B\u00e9nin nous a convi\u00e9s \u00e0 un bilan de son existence et aux perspectives. La rencontre des 18, 19 et 20 d\u00e9cembre 2024 dans les locaux de l&rsquo;h\u00f4tel Golden Tulip r\u00e9pond sans doute \u00e0 cet objectif de questionnement en vue d&rsquo;un nouvel \u00e9lan. Le code des personnes et de la famille, 20 ans apr\u00e8s, quel(s) droits pour quelle(s) famille(s) b\u00e9ninoise(s) ? Cette opportune interrogation a r\u00e9uni universitaires de divers horizons, praticiens, d\u00e9put\u00e9s, soci\u00e9t\u00e9 civile, \u00e9tudiants en vue d&rsquo;une r\u00e9flexion sur les d\u00e9fis juridiques sociaux, humains, \u00e9conomiques dans un monde en mutation et de plus en plus d\u00e9cloisonn\u00e9.<\/p>\n<p>Dans un contexte international de crise de la famille, de nouvelles formes de couples, d&rsquo;effritement des valeurs, il est temps, malgr\u00e9 des avanc\u00e9es incontestables, de reconna\u00eetre le chemin parcouru et de se projeter dans l&rsquo;avenir car il ne sert \u00e0 rien d&rsquo;avancer ind\u00e9finiment. Il faut marquer un temps d&rsquo;arr\u00eat afin d&rsquo;indentifier les faiblesses, proposer les pistes d&rsquo;am\u00e9lioration dans une perspectives de consolidation des liens familiaux. Cette l\u00e9gitime pr\u00e9occupation des organisateurs sur une oeuvre qui r\u00e9git la vie des citoyens de la naissance \u00e0 la mort a conduit \u00e0 une approche holistique en vue de relever les d\u00e9fis pour une soci\u00e9t\u00e9 b\u00e9ninoise plus juste et plus solidaire. La personne et la famille, dans ses heures de symbiose ou de conflits, le droit de la famille sur ses aspects patrimoniaux ou extrapatrimonaiux, la famille saisie par le droit dans ses diff\u00e9rentes facettes ou tout simplemeent par le silence, la famille une r\u00e9alit\u00e9 internationale malgr\u00e9 des sp\u00e9cificit\u00e9s propres aux Etats ont \u00e9t\u00e9 explor\u00e9s et ont nourri les d\u00e9bats au sein de cinq panels :<\/p>\n<ol>\n<li>Les personnes;<\/li>\n<li>La famille faces aux d\u00e9fits du droits;<\/li>\n<li>La famille vue par les autres droits et les autres sciences;<\/li>\n<li>La famille en droit compar\u00e9 et en droit international priv\u00e9;<\/li>\n<li>Le contentieux fammilial<\/li>\n<\/ol>\n","protected":false},"featured_media":5868,"comment_status":"open","ping_status":"closed","template":"","meta":[],"authors":[133],"publishers":[],"product_brand":[],"product_cat":[119,93],"product_tag":[105],"class_list":{"0":"post-5861","1":"product","2":"type-product","3":"status-publish","4":"has-post-thumbnail","6":"authors-clautaire-agossou-s-dir","7":"product_cat-formation","8":"product_cat-memento","9":"product_tag-nouveautes","10":"entry","11":"has-media","14":"first","15":"instock","16":"shipping-taxable","17":"purchasable","18":"product-type-simple","19":"has-product-nav","20":"col","21":"span_1_of_4","22":"owp-content-center","23":"owp-thumbs-layout-horizontal","24":"owp-btn-normal","25":"owp-tabs-layout-horizontal","26":"has-no-thumbnails"},"jetpack_sharing_enabled":true,"_links":{"self":[{"href":"https:\/\/leseditionsducredij.org\/index.php\/wp-json\/wp\/v2\/product\/5861","targetHints":{"allow":["GET"]}}],"collection":[{"href":"https:\/\/leseditionsducredij.org\/index.php\/wp-json\/wp\/v2\/product"}],"about":[{"href":"https:\/\/leseditionsducredij.org\/index.php\/wp-json\/wp\/v2\/types\/product"}],"replies":[{"embeddable":true,"href":"https:\/\/leseditionsducredij.org\/index.php\/wp-json\/wp\/v2\/comments?post=5861"}],"wp:featuredmedia":[{"embeddable":true,"href":"https:\/\/leseditionsducredij.org\/index.php\/wp-json\/wp\/v2\/media\/5868"}],"wp:attachment":[{"href":"https:\/\/leseditionsducredij.org\/index.php\/wp-json\/wp\/v2\/media?parent=5861"}],"wp:term":[{"taxonomy":"authors","embeddable":true,"href":"https:\/\/leseditionsducredij.org\/index.php\/wp-json\/wp\/v2\/authors?post=5861"},{"taxonomy":"publishers","embeddable":true,"href":"https:\/\/leseditionsducredij.org\/index.php\/wp-json\/wp\/v2\/publishers?post=5861"},{"taxonomy":"product_brand","embeddable":true,"href":"https:\/\/leseditionsducredij.org\/index.php\/wp-json\/wp\/v2\/product_brand?post=5861"},{"taxonomy":"product_cat","embeddable":true,"href":"https:\/\/leseditionsducredij.org\/index.php\/wp-json\/wp\/v2\/product_cat?post=5861"},{"taxonomy":"product_tag","embeddable":true,"href":"https:\/\/leseditionsducredij.org\/index.php\/wp-json\/wp\/v2\/product_tag?post=5861"}],"curies":[{"name":"wp","href":"https:\/\/api.w.org\/{rel}","templated":true}]}}