{"id":5794,"date":"2025-08-06T13:39:54","date_gmt":"2025-08-06T12:39:54","guid":{"rendered":"https:\/\/leseditionsducredij.org\/?post_type=product&#038;p=5794"},"modified":"2026-04-21T20:12:51","modified_gmt":"2026-04-21T19:12:51","slug":"lharmonisation-du-droit-des-affaires-en-afrique-lohada-a-loree-de-sa-quatrieme-decennie","status":"publish","type":"product","link":"https:\/\/leseditionsducredij.org\/index.php\/produit\/lharmonisation-du-droit-des-affaires-en-afrique-lohada-a-loree-de-sa-quatrieme-decennie\/","title":{"rendered":"L&rsquo;harmonisation du droit des affaires en Afrique : L&rsquo;OHADA \u00e0 l&rsquo;or\u00e9e de sa quatri\u00e8me d\u00e9cennie."},"content":{"rendered":"<p>Quatri\u00e8me d\u00e9cennie de ce droit communautaire qui a renforc\u00e9 l&rsquo;\u00e9conomie africaine. Quatri\u00e8me d\u00e9cennie de l&rsquo;existence du droit des affaires OHADA, le socle du d\u00e9veloppement de l&rsquo;Afrique. Quatri\u00e8me d\u00e9cennie de ce droit qui a permis \u00e0 l&rsquo;Afrique de s&rsquo;affirmer dans les affaires sur le plan mondial.<\/p>\n<p>Ce livre fait un bilan sur chaque mati\u00e8re ayant fait l&rsquo;objet d&rsquo;actes uniformes, fait du droit compar\u00e9 et propose des perspectives pour l&rsquo;\u00e9mergence de ce droit tout abordant les probl\u00e9matiques actuelles en droit des affaires OHADA.<\/p>\n","protected":false},"excerpt":{"rendered":"<p>R\u00e9dig\u00e9 par des auteurs d\u2019horizons divers, cet ouvrage collectif analyse des questions d\u2019actualit\u00e9s prenant en compte des crises qui frappent l&rsquo;\u00e9conomie mondiale et qui n\u2019\u00e9pargnent pas les \u00c9tats membres de l\u2019OHADA. Alliant th\u00e9ories et pratique, les contributions qui composent cet ouvrage interrogent le droit OHADA sur les grandes probl\u00e9matiques contemporaines dans les mati\u00e8res ayant fait l\u2019objet d\u2019Actes uniformes ainsi que dans celles qui gagneraient \u00e0 \u00eatre int\u00e9gr\u00e9es dans le programme d\u2019harmonisation du droit des affaires.<\/p>\n<p>Cet ouvrage collectif s\u2019int\u00e9resse \u00e0 des probl\u00e9matiques actuelles, conceptuelles, structurelles, mais \u00e9galement op\u00e9rationnelles. Il aligne des contributions relatives \u00e0 l\u2019identification des structures d&rsquo;entreprises, \u00e0 leur gouvernance \u00e0 l\u2019\u00e8re du num\u00e9rique, leur financement, leur collaboration, leur environnement, leur comportement, leur responsabilit\u00e9 et leur sauvegarde. Il met en \u00e9vidence le droit OHADA tel qu\u2019il est aujourd&rsquo;hui, tout en appr\u00e9ciant son v\u00e9cu et en se projetant sur son avenir. D\u00e8s lors, les r\u00e9formes du droit des s\u00fbret\u00e9s et du droit commercial g\u00e9n\u00e9ral intervenues en 2010 y trouvent une place privil\u00e9gi\u00e9e, de m\u00eame que les proc\u00e9dures simplifi\u00e9es de recouvrement et les voies d\u2019ex\u00e9cution dont l\u2019avant-projet a retenu l&rsquo;attention avant son adoption le 17 octobre 2023 \u00e0 Kinshasa (&#8230;)<\/p>\n<p>Combinant diversit\u00e9, simplicit\u00e9, intensit\u00e9, authenticit\u00e9, acuit\u00e9, subtilit\u00e9 et compl\u00e9mentarit\u00e9, les contributions diverses qui composent cet ouvrage collectif sur les trente ans de l\u2019OHADA appr\u00e9cient les pas importants pos\u00e9s vers une int\u00e9gration juridique parfaite en droit des affaires, alertent contre la suffisance, encouragent les actions en cours et donnent de l\u2019espoir quant aux apports de l\u2019OHADA et de son droit dans la dynamique de d\u00e9veloppement \u00e9conomique de l\u2019Afrique. Son contenu ne laissera s\u00fbrement pas indiff\u00e9rents les amis de l\u2019OHADA\u2026<\/p>\n","protected":false},"featured_media":5795,"comment_status":"open","ping_status":"closed","template":"","meta":[],"authors":[131],"publishers":[],"product_brand":[],"product_cat":[92,119,93],"product_tag":[107,105],"class_list":{"0":"post-5794","1":"product","2":"type-product","3":"status-publish","4":"has-post-thumbnail","6":"authors-philippe-delebecque-yvette-rachel-kalieu-elongo-et-mon-espoir-mfini-s-dir","7":"product_cat-cours-et-manuels","8":"product_cat-formation","9":"product_cat-memento","10":"product_tag-107","11":"product_tag-nouveautes","12":"entry","13":"has-media","16":"first","17":"onbackorder","18":"shipping-taxable","19":"purchasable","20":"product-type-simple","21":"has-product-nav","22":"col","23":"span_1_of_4","24":"owp-content-center","25":"owp-thumbs-layout-horizontal","26":"owp-btn-normal","27":"owp-tabs-layout-horizontal","28":"has-no-thumbnails"},"jetpack_sharing_enabled":true,"_links":{"self":[{"href":"https:\/\/leseditionsducredij.org\/index.php\/wp-json\/wp\/v2\/product\/5794","targetHints":{"allow":["GET"]}}],"collection":[{"href":"https:\/\/leseditionsducredij.org\/index.php\/wp-json\/wp\/v2\/product"}],"about":[{"href":"https:\/\/leseditionsducredij.org\/index.php\/wp-json\/wp\/v2\/types\/product"}],"replies":[{"embeddable":true,"href":"https:\/\/leseditionsducredij.org\/index.php\/wp-json\/wp\/v2\/comments?post=5794"}],"wp:featuredmedia":[{"embeddable":true,"href":"https:\/\/leseditionsducredij.org\/index.php\/wp-json\/wp\/v2\/media\/5795"}],"wp:attachment":[{"href":"https:\/\/leseditionsducredij.org\/index.php\/wp-json\/wp\/v2\/media?parent=5794"}],"wp:term":[{"taxonomy":"authors","embeddable":true,"href":"https:\/\/leseditionsducredij.org\/index.php\/wp-json\/wp\/v2\/authors?post=5794"},{"taxonomy":"publishers","embeddable":true,"href":"https:\/\/leseditionsducredij.org\/index.php\/wp-json\/wp\/v2\/publishers?post=5794"},{"taxonomy":"product_brand","embeddable":true,"href":"https:\/\/leseditionsducredij.org\/index.php\/wp-json\/wp\/v2\/product_brand?post=5794"},{"taxonomy":"product_cat","embeddable":true,"href":"https:\/\/leseditionsducredij.org\/index.php\/wp-json\/wp\/v2\/product_cat?post=5794"},{"taxonomy":"product_tag","embeddable":true,"href":"https:\/\/leseditionsducredij.org\/index.php\/wp-json\/wp\/v2\/product_tag?post=5794"}],"curies":[{"name":"wp","href":"https:\/\/api.w.org\/{rel}","templated":true}]}}