{"id":5720,"date":"2025-05-20T13:57:02","date_gmt":"2025-05-20T12:57:02","guid":{"rendered":"https:\/\/leseditionsducredij.org\/?post_type=product&#038;p=5720"},"modified":"2026-02-07T22:20:26","modified_gmt":"2026-02-07T21:20:26","slug":"lessentiel-du-droit-penal-general","status":"publish","type":"product","link":"https:\/\/leseditionsducredij.org\/index.php\/produit\/lessentiel-du-droit-penal-general\/","title":{"rendered":"L&rsquo;essentiel du droit p\u00e9nal g\u00e9n\u00e9ral"},"content":{"rendered":"<p>Un p\u00e9naliste incontournable au B\u00e9nin, l&rsquo;auteur fait preuve d&rsquo;ing\u00e9niosit\u00e9 en r\u00e9sumant l&rsquo;essentiel \u00e0 conna\u00eetre en droit p\u00e9nal de mani\u00e8re g\u00e9n\u00e9rale pour mieux faire face aux diff\u00e9rentes questions qui suscitent l&rsquo;int\u00e9r\u00eat de tous. A quel moment dire qu&rsquo;un acte est une infraction ? Tous les actes r\u00e9pr\u00e9hensibles sont-ils syst\u00e9matiquement r\u00e9prim\u00e9s ? Pourquoi existe-t-il une discrimination quant \u00e0 la r\u00e9pression de deux meurtriers ? Quelles peines infliger aux d\u00e9linquants ? Comment le juge s&rsquo;y prendre ? Voil\u00e0 autant de questions auxquelles vous trouverez r\u00e9ponse dans cette \u0153uvre scientifique.<\/p>\n","protected":false},"excerpt":{"rendered":"<p>Les transgressions les plus graves occupent une place pr\u00e9pond\u00e9rante dans l&rsquo;histoire et la culture de l&rsquo;humanit\u00e9. Certains crimes passionnent assur\u00e9ment l&rsquo;opinion publique tandis que la pr\u00e9vention et la r\u00e9pression de la d\u00e9linquance, plus encore peut-\u00eatre lorsque sont concern\u00e9es des personnes plus ou moins connues, occupent une large place dans les d\u00e9bats publics. Au B\u00e9nin, se succ\u00e8dent selon une fr\u00e9quence impressionnante des r\u00e9formes en droit p\u00e9nal de fond comme de forme.<\/p>\n<p>Le droit p\u00e9nal est indissociable de la sanction p\u00e9nale qui li conf\u00e8re sa nature m\u00eame. Les autres branches du droit d\u00e9terminent des comportements fautifs mais le droit p\u00e9nal pr\u00e9voit pour les personnes responsables des peines prononc\u00e9es dans l&rsquo;int\u00e9r\u00eat de toute la soci\u00e9t\u00e9, et non d&rsquo;une personne ou d&rsquo;un groupe de personnes. Une telle sanction ne se justifie que parce que l&rsquo;acte commis suscite une r\u00e9probation sociale particuli\u00e8rement marqu\u00e9e. C&rsquo;est pourquoi le droit p\u00e9nal est dot\u00e9 d&rsquo;une part d&rsquo;une fonction expressive, en ce qu&rsquo;il d\u00e9ploie des valeurs sur lesquelles repose la prohibition d&rsquo;un comportement (du moins pour les crimes et les d\u00e9lits car cette fonction est contestable pour certaines contraventions), et d&rsquo;autre part une fonction punitive qui lui conf\u00e8re sa sp\u00e9cialit\u00e9. L&rsquo;une et l&rsquo;autre de ces fonctions doivent respecter un \u00e9quilibre qui s&rsquo;impose non seulement lors de la d\u00e9limitation des actes r\u00e9prim\u00e9s puisque le recours au croit p\u00e9nal ne se justifie que lorsqu&rsquo;il est n\u00e9cessaire et que d&rsquo;autres instruments juridiques s&rsquo;av\u00e8reraient insuffisants, mais aussi pour la d\u00e9termination de la peine pr\u00e9vue car elle doit, elle aussi, \u00eatre n\u00e9cessaire donc correctement mesur\u00e9e. Cet \u00e9quilibre n&rsquo;est compatible ni avec une rigueur excessive ni avec le laxisme : on ne respecterait la vie humaine ni en ex\u00e9cutant de simples d\u00e9linquants ni en omettant de punir les infracteurs.<\/p>\n","protected":false},"featured_media":5737,"comment_status":"open","ping_status":"closed","template":"","meta":[],"authors":[97],"publishers":[],"product_brand":[],"product_cat":[92,119],"product_tag":[107,105,130],"class_list":{"0":"post-5720","1":"product","2":"type-product","3":"status-publish","4":"has-post-thumbnail","6":"authors-moktar-adamou","7":"product_cat-cours-et-manuels","8":"product_cat-formation","9":"product_tag-107","10":"product_tag-nouveautes","11":"product_tag-top-5","12":"entry","13":"has-media","16":"first","17":"outofstock","18":"shipping-taxable","19":"purchasable","20":"product-type-simple","21":"has-product-nav","22":"col","23":"span_1_of_4","24":"owp-content-center","25":"owp-thumbs-layout-horizontal","26":"owp-btn-normal","27":"owp-tabs-layout-horizontal","28":"has-no-thumbnails"},"jetpack_sharing_enabled":true,"_links":{"self":[{"href":"https:\/\/leseditionsducredij.org\/index.php\/wp-json\/wp\/v2\/product\/5720","targetHints":{"allow":["GET"]}}],"collection":[{"href":"https:\/\/leseditionsducredij.org\/index.php\/wp-json\/wp\/v2\/product"}],"about":[{"href":"https:\/\/leseditionsducredij.org\/index.php\/wp-json\/wp\/v2\/types\/product"}],"replies":[{"embeddable":true,"href":"https:\/\/leseditionsducredij.org\/index.php\/wp-json\/wp\/v2\/comments?post=5720"}],"wp:featuredmedia":[{"embeddable":true,"href":"https:\/\/leseditionsducredij.org\/index.php\/wp-json\/wp\/v2\/media\/5737"}],"wp:attachment":[{"href":"https:\/\/leseditionsducredij.org\/index.php\/wp-json\/wp\/v2\/media?parent=5720"}],"wp:term":[{"taxonomy":"authors","embeddable":true,"href":"https:\/\/leseditionsducredij.org\/index.php\/wp-json\/wp\/v2\/authors?post=5720"},{"taxonomy":"publishers","embeddable":true,"href":"https:\/\/leseditionsducredij.org\/index.php\/wp-json\/wp\/v2\/publishers?post=5720"},{"taxonomy":"product_brand","embeddable":true,"href":"https:\/\/leseditionsducredij.org\/index.php\/wp-json\/wp\/v2\/product_brand?post=5720"},{"taxonomy":"product_cat","embeddable":true,"href":"https:\/\/leseditionsducredij.org\/index.php\/wp-json\/wp\/v2\/product_cat?post=5720"},{"taxonomy":"product_tag","embeddable":true,"href":"https:\/\/leseditionsducredij.org\/index.php\/wp-json\/wp\/v2\/product_tag?post=5720"}],"curies":[{"name":"wp","href":"https:\/\/api.w.org\/{rel}","templated":true}]}}