{"id":5708,"date":"2025-05-13T20:04:56","date_gmt":"2025-05-13T19:04:56","guid":{"rendered":"https:\/\/leseditionsducredij.org\/?post_type=product&#038;p=5708"},"modified":"2025-07-08T20:24:05","modified_gmt":"2025-07-08T19:24:05","slug":"le-droit-les-droits-introduction-theorique-a-letude-du-droit","status":"publish","type":"product","link":"https:\/\/leseditionsducredij.org\/index.php\/produit\/le-droit-les-droits-introduction-theorique-a-letude-du-droit\/","title":{"rendered":"Le droit les droits, Introduction th\u00e9orique \u00e0 l&rsquo;\u00e9tude du droit"},"content":{"rendered":"<p>Ce livre incontournable explore le droit africain, en particulier celui b\u00e9ninois, dont l\u2019auteur puise les \u00e9l\u00e9ments qui nourrissent les cinq le\u00e7ons r\u00e9parties en deux parties telles qu\u2019annonc\u00e9es par le titre : Le droit et les droits !<\/p>\n<p>&nbsp;<\/p>\n","protected":false},"excerpt":{"rendered":"<p>\u00ab\u00a0&#8230;L&rsquo;art \u00e9tant ce qui est su, se pr\u00e9sente comme le reflet de la connaissance. Pour autant, cette connaissance des \u00e9l\u00e9ments du Droit doit \u00eatre enrichie par l&rsquo;explication de l&rsquo;un, du multiple et du tout juridique, comme la science est l&rsquo;explication de l&rsquo;un, du multiple et du tout relevant de la nature de l&rsquo;\u00eatre. Autrement dit, la connaissance du Droit ne peut \u00e9chapper au saisissement de l&rsquo;unit\u00e9 juridique tout autant que de sa diversit\u00e9 ainsi que de sa totalit\u00e9 ; des sp\u00e9cificit\u00e9s et des g\u00e9n\u00e9ralit\u00e9s, des principes qui \u00e9clairent les ph\u00e9nom\u00e8nes, des \u00e9l\u00e9ments qui construisent le syst\u00e8me. C&rsquo;est ce qui justifie que toute approche du droit ne peut s&rsquo;extraire de la th\u00e9orie, ou que la th\u00e9orie \u00e9claire n\u00e9cessairement la connaissance juridique.\u00bb<\/p>\n","protected":false},"featured_media":5735,"comment_status":"open","ping_status":"closed","template":"","meta":[],"authors":[98],"publishers":[],"product_brand":[],"product_cat":[92],"product_tag":[105],"class_list":{"0":"post-5708","1":"product","2":"type-product","3":"status-publish","4":"has-post-thumbnail","6":"authors-joseph-djogbenou","7":"product_cat-cours-et-manuels","8":"product_tag-nouveautes","9":"entry","10":"has-media","13":"first","14":"instock","15":"shipping-taxable","16":"purchasable","17":"product-type-simple","18":"has-product-nav","19":"col","20":"span_1_of_4","21":"owp-content-center","22":"owp-thumbs-layout-horizontal","23":"owp-btn-normal","24":"owp-tabs-layout-horizontal","25":"has-no-thumbnails"},"jetpack_sharing_enabled":true,"_links":{"self":[{"href":"https:\/\/leseditionsducredij.org\/index.php\/wp-json\/wp\/v2\/product\/5708","targetHints":{"allow":["GET"]}}],"collection":[{"href":"https:\/\/leseditionsducredij.org\/index.php\/wp-json\/wp\/v2\/product"}],"about":[{"href":"https:\/\/leseditionsducredij.org\/index.php\/wp-json\/wp\/v2\/types\/product"}],"replies":[{"embeddable":true,"href":"https:\/\/leseditionsducredij.org\/index.php\/wp-json\/wp\/v2\/comments?post=5708"}],"wp:featuredmedia":[{"embeddable":true,"href":"https:\/\/leseditionsducredij.org\/index.php\/wp-json\/wp\/v2\/media\/5735"}],"wp:attachment":[{"href":"https:\/\/leseditionsducredij.org\/index.php\/wp-json\/wp\/v2\/media?parent=5708"}],"wp:term":[{"taxonomy":"authors","embeddable":true,"href":"https:\/\/leseditionsducredij.org\/index.php\/wp-json\/wp\/v2\/authors?post=5708"},{"taxonomy":"publishers","embeddable":true,"href":"https:\/\/leseditionsducredij.org\/index.php\/wp-json\/wp\/v2\/publishers?post=5708"},{"taxonomy":"product_brand","embeddable":true,"href":"https:\/\/leseditionsducredij.org\/index.php\/wp-json\/wp\/v2\/product_brand?post=5708"},{"taxonomy":"product_cat","embeddable":true,"href":"https:\/\/leseditionsducredij.org\/index.php\/wp-json\/wp\/v2\/product_cat?post=5708"},{"taxonomy":"product_tag","embeddable":true,"href":"https:\/\/leseditionsducredij.org\/index.php\/wp-json\/wp\/v2\/product_tag?post=5708"}],"curies":[{"name":"wp","href":"https:\/\/api.w.org\/{rel}","templated":true}]}}