{"id":5699,"date":"2025-05-13T12:07:00","date_gmt":"2025-05-13T11:07:00","guid":{"rendered":"https:\/\/leseditionsducredij.org\/?post_type=product&#038;p=5699"},"modified":"2025-10-06T19:44:40","modified_gmt":"2025-10-06T18:44:40","slug":"autour-du-recouvrement-et-des-voies-dexecution-actualites-et-virtualites-les-actes-du-colloque-international-des-24-et-25-octobre-2025","status":"publish","type":"product","link":"https:\/\/leseditionsducredij.org\/index.php\/produit\/autour-du-recouvrement-et-des-voies-dexecution-actualites-et-virtualites-les-actes-du-colloque-international-des-24-et-25-octobre-2025\/","title":{"rendered":"Autour du recouvrement et des voies d&rsquo;ex\u00e9cution : actualit\u00e9s et virtualit\u00e9s, Les  Actes du colloque international des 24 et 25 octobre 2025"},"content":{"rendered":"<p>Texte le plus sollicit\u00e9 dans l&rsquo;espace OHADA, l&rsquo;Acte Uniforme portant Proc\u00e9dures Simplifi\u00e9es de Recouvrement et des Voies d&rsquo;Ex\u00e9cution fut le point de mire de ce colloque qui ne s&rsquo;est pas seulement focalis\u00e9 sur l&rsquo;\u00e9tude approfondie des notions et des aspects nouveaux et renouvel\u00e9s de cet acte de sa cr\u00e9ation \u00e0 sa renaissance le 17 octobre 2023, mais aussi sur toutes les th\u00e9matiques fondamentales qui y gravitent autour. Cet ar\u00e9opage d&rsquo;experts en droit a \u00e9galement mis \u00e0 la lumi\u00e8re les actes manqu\u00e9s et les tabous des proc\u00e9dures simplifi\u00e9es et des voies d&rsquo;ex\u00e9cution.<\/p>\n","protected":false},"excerpt":{"rendered":"<p>Au terme de ce colloque, on peut retenir que le recouvrement et l&rsquo;ex\u00e9cution ne constituent pas une discipline d\u00e9sincarn\u00e9e autant que l&rsquo;acte uniforme n&rsquo;est pas isol\u00e9. Ils sont au croisement de l&rsquo;\u00e9conomie et du droit, du droit public et du droit priv\u00e9, du droit des soci\u00e9t\u00e9s, du droit des proc\u00e9dures collectives, du droit commercial, du droit comptable, tel que le colloque l&rsquo;a relev\u00e9 et fait observer, et que l&rsquo;actualit\u00e9 de la question le fait ressentir.<\/p>\n<p>Instrument de facilitation du cr\u00e9dit, au croisement donc avec le droit bancaire, et instrument d&rsquo;attractivit\u00e9 \u00e9conomique, instrument de vie, instrument de lutte pour la vie, une cr\u00e9ance est aussi un instrument de lutte pour sa propre survie et pour son propre \u00e9panouissement. C&rsquo;est pourquoi l&rsquo;on en appelle \u00e0 l&rsquo;autorit\u00e9 publique, \u00e0 l&rsquo;ordre public pour venir au soutien de la r\u00e9alisation de ce droit.<\/p>\n<p>Les virtualit\u00e9s, en forme de lumi\u00e8re ont \u00e9clair\u00e9 ces journ\u00e9es d&rsquo;\u00e9tude, mais restent encore \u00e0 d\u00e9voiler. Tout n&rsquo;a certainement pas \u00e9t\u00e9 dit, l&rsquo;\u00e9clairage apport\u00e9 n&rsquo;\u00e9tant sans doute pas encore entier. Des r\u00e9ponses ont \u00e9t\u00e9 apport\u00e9es, mais toutes les r\u00e9ponses n&rsquo;ont probablement pas \u00e9t\u00e9 trouv\u00e9es. Les ombres demeurent donc en forme de questionnements non satisfaits, invitant \u00e0 la poursuite des chantiers de la bonne application de l&rsquo;acte uniforme, de la recherche \u00ab\u00a0autour\u00a0\u00bb du recouvrement et des voies d&rsquo;ex\u00e9cution et des possibles r\u00e9formes dont les pistes ont \u00e9t\u00e9 envisag\u00e9es.<\/p>\n","protected":false},"featured_media":5734,"comment_status":"open","ping_status":"closed","template":"","meta":[],"authors":[127],"publishers":[],"product_brand":[],"product_cat":[119,93],"product_tag":[111,105,130],"class_list":{"0":"post-5699","1":"product","2":"type-product","3":"status-publish","4":"has-post-thumbnail","6":"authors-joseph-djogbenou-s-dir","7":"product_cat-formation","8":"product_cat-memento","9":"product_tag-111","10":"product_tag-nouveautes","11":"product_tag-top-5","12":"entry","13":"has-media","16":"first","17":"outofstock","18":"shipping-taxable","19":"purchasable","20":"product-type-simple","21":"has-product-nav","22":"col","23":"span_1_of_4","24":"owp-content-center","25":"owp-thumbs-layout-horizontal","26":"owp-btn-normal","27":"owp-tabs-layout-horizontal","28":"has-no-thumbnails"},"jetpack_sharing_enabled":true,"_links":{"self":[{"href":"https:\/\/leseditionsducredij.org\/index.php\/wp-json\/wp\/v2\/product\/5699","targetHints":{"allow":["GET"]}}],"collection":[{"href":"https:\/\/leseditionsducredij.org\/index.php\/wp-json\/wp\/v2\/product"}],"about":[{"href":"https:\/\/leseditionsducredij.org\/index.php\/wp-json\/wp\/v2\/types\/product"}],"replies":[{"embeddable":true,"href":"https:\/\/leseditionsducredij.org\/index.php\/wp-json\/wp\/v2\/comments?post=5699"}],"wp:featuredmedia":[{"embeddable":true,"href":"https:\/\/leseditionsducredij.org\/index.php\/wp-json\/wp\/v2\/media\/5734"}],"wp:attachment":[{"href":"https:\/\/leseditionsducredij.org\/index.php\/wp-json\/wp\/v2\/media?parent=5699"}],"wp:term":[{"taxonomy":"authors","embeddable":true,"href":"https:\/\/leseditionsducredij.org\/index.php\/wp-json\/wp\/v2\/authors?post=5699"},{"taxonomy":"publishers","embeddable":true,"href":"https:\/\/leseditionsducredij.org\/index.php\/wp-json\/wp\/v2\/publishers?post=5699"},{"taxonomy":"product_brand","embeddable":true,"href":"https:\/\/leseditionsducredij.org\/index.php\/wp-json\/wp\/v2\/product_brand?post=5699"},{"taxonomy":"product_cat","embeddable":true,"href":"https:\/\/leseditionsducredij.org\/index.php\/wp-json\/wp\/v2\/product_cat?post=5699"},{"taxonomy":"product_tag","embeddable":true,"href":"https:\/\/leseditionsducredij.org\/index.php\/wp-json\/wp\/v2\/product_tag?post=5699"}],"curies":[{"name":"wp","href":"https:\/\/api.w.org\/{rel}","templated":true}]}}