{"id":5697,"date":"2025-05-13T11:37:32","date_gmt":"2025-05-13T10:37:32","guid":{"rendered":"https:\/\/leseditionsducredij.org\/?post_type=product&#038;p=5697"},"modified":"2026-04-15T11:24:10","modified_gmt":"2026-04-15T10:24:10","slug":"droit-ohada-des-suretes-et-des-garanties-de-credit","status":"publish","type":"product","link":"https:\/\/leseditionsducredij.org\/index.php\/produit\/droit-ohada-des-suretes-et-des-garanties-de-credit\/","title":{"rendered":"Droit OHADA des s\u00fbret\u00e9s et des garanties de cr\u00e9dit"},"content":{"rendered":"<p>Cet ouvrage est un condens\u00e9 \u00e0 la fois explicite de connaissances portant aussi bien sur l&rsquo;ensemble du droit des s\u00fbret\u00e9s, tant personnelles que r\u00e9elles que sur les nouveaut\u00e9s introduites dans l\u2019acte uniforme depuis sa r\u00e9vision en 2010.<\/p>\n","protected":false},"excerpt":{"rendered":"<p>\u00ab\u00a0La production scientifique de Monsieur Mon-Espoir MFINI vient donc \u00e0 son heure. En effet, il est certain que bien qu&rsquo;existante, la doctrine OHADA du droit des s\u00fbret\u00e9s, en terme quantitatif, est bien en de\u00e7\u00e0 de celle relev\u00e9e en droit fran\u00e7ais. On note bien la pr\u00e9sence en doctrine d&rsquo;ouvrages consacr\u00e9s soit aux s\u00fbret\u00e9s personnelles, soit aux s\u00fbret\u00e9s r\u00e9elles. Cependant, apr\u00e8s la r\u00e9forme de 2010, il n&rsquo;y a quasiment pas eu d&rsquo;\u00e9crits portant sur le droit des s\u00fbret\u00e9s de mani\u00e8re g\u00e9n\u00e9rale, en dehors de l&rsquo;ouvrage majestueux de notre coll\u00e8gue Jean-Jacques ANSAULT. L\u00e0 se trouve le m\u00e9rite de l&rsquo;auteur qui propose dans cet ouvrage d&rsquo;\u00e9tudier non seulement l&rsquo;ensemble du droit des s\u00fbret\u00e9s tant personnelles que r\u00e9elles, mais \u00e9galement de familiariser le lecteur avec les nouveaut\u00e9s introduites. Ainsi, au titre des s\u00fbret\u00e9s personnelles, il envisage le mod\u00e8le par excellence qui est le cautionnement, dont la mort a \u00e9t\u00e9 annonc\u00e9e depuis, mais qui n&rsquo;a jamais disparu, ainsi que la garantie autonome. Quant \u00e0 la partie relative aux s\u00fbret\u00e9s r\u00e9elles, tr\u00e8s exhaustive, elle passe en revue l&rsquo;hypoth\u00e8que, les gages, les nantissements, les propri\u00e9t\u00e9s-s\u00fbret\u00e9s, le droit de r\u00e9tention et les privil\u00e8ges.\u00a0\u00bb<\/p>\n","protected":false},"featured_media":5733,"comment_status":"open","ping_status":"closed","template":"","meta":[],"authors":[126],"publishers":[],"product_brand":[],"product_cat":[119],"product_tag":[105,130],"class_list":{"0":"post-5697","1":"product","2":"type-product","3":"status-publish","4":"has-post-thumbnail","6":"authors-mon-espoir-mfini","7":"product_cat-formation","8":"product_tag-nouveautes","9":"product_tag-top-5","10":"entry","11":"has-media","14":"first","15":"onbackorder","16":"shipping-taxable","17":"purchasable","18":"product-type-simple","19":"has-product-nav","20":"col","21":"span_1_of_4","22":"owp-content-center","23":"owp-thumbs-layout-horizontal","24":"owp-btn-normal","25":"owp-tabs-layout-horizontal","26":"has-no-thumbnails"},"jetpack_sharing_enabled":true,"_links":{"self":[{"href":"https:\/\/leseditionsducredij.org\/index.php\/wp-json\/wp\/v2\/product\/5697","targetHints":{"allow":["GET"]}}],"collection":[{"href":"https:\/\/leseditionsducredij.org\/index.php\/wp-json\/wp\/v2\/product"}],"about":[{"href":"https:\/\/leseditionsducredij.org\/index.php\/wp-json\/wp\/v2\/types\/product"}],"replies":[{"embeddable":true,"href":"https:\/\/leseditionsducredij.org\/index.php\/wp-json\/wp\/v2\/comments?post=5697"}],"wp:featuredmedia":[{"embeddable":true,"href":"https:\/\/leseditionsducredij.org\/index.php\/wp-json\/wp\/v2\/media\/5733"}],"wp:attachment":[{"href":"https:\/\/leseditionsducredij.org\/index.php\/wp-json\/wp\/v2\/media?parent=5697"}],"wp:term":[{"taxonomy":"authors","embeddable":true,"href":"https:\/\/leseditionsducredij.org\/index.php\/wp-json\/wp\/v2\/authors?post=5697"},{"taxonomy":"publishers","embeddable":true,"href":"https:\/\/leseditionsducredij.org\/index.php\/wp-json\/wp\/v2\/publishers?post=5697"},{"taxonomy":"product_brand","embeddable":true,"href":"https:\/\/leseditionsducredij.org\/index.php\/wp-json\/wp\/v2\/product_brand?post=5697"},{"taxonomy":"product_cat","embeddable":true,"href":"https:\/\/leseditionsducredij.org\/index.php\/wp-json\/wp\/v2\/product_cat?post=5697"},{"taxonomy":"product_tag","embeddable":true,"href":"https:\/\/leseditionsducredij.org\/index.php\/wp-json\/wp\/v2\/product_tag?post=5697"}],"curies":[{"name":"wp","href":"https:\/\/api.w.org\/{rel}","templated":true}]}}