{"id":4687,"date":"2023-04-19T15:52:15","date_gmt":"2023-04-19T14:52:15","guid":{"rendered":"https:\/\/leseditionsducredij.org\/?post_type=product&#038;p=4687"},"modified":"2025-07-16T12:48:00","modified_gmt":"2025-07-16T11:48:00","slug":"autour-de-la-famille-et-de-la-terre-perspectives-africaines-du-droit-melanges-en-lhonneur-du-professeur-ahonagnon-noel-gbaguidi-tome-2","status":"publish","type":"product","link":"https:\/\/leseditionsducredij.org\/index.php\/produit\/autour-de-la-famille-et-de-la-terre-perspectives-africaines-du-droit-melanges-en-lhonneur-du-professeur-ahonagnon-noel-gbaguidi-tome-2\/","title":{"rendered":"Autour de la famille et de la terre : Perspectives africaines du droit M\u00e9langes en l&rsquo;honneur du Professeur Ahonagnon No\u00ebl GBAGUIDI Tome 2"},"content":{"rendered":"","protected":false},"excerpt":{"rendered":"<p>R\u00e9dig\u00e9s en hommage \u00e0 un juriste dont les travaux scientifiques ont marqu\u00e9 son \u00e9poque, les M\u00e9langes sont l&rsquo;occasion de proposer des articles in\u00e9dits portant sur les fondements et l&rsquo;actualit\u00e9 de cette discipline. Le professeur<\/p>\n<div><span lang=\"FR\">No\u00ebl Ahonagnon GBAGUIDI<\/span>,<\/div>\n<div><span lang=\"FR\">Agr\u00e9g\u00e9 des Facult\u00e9s de Droit, professeur \u00e0 l\u2019Universit\u00e9 d\u2019Abomey-Calavi <\/span>a largement contribu\u00e9 \u00e0 la doctrine relative au droit judiciaire priv\u00e9, au<span lang=\"FR\">\u00a0droit de la famille et au droit foncier.<\/span><\/div>\n","protected":false},"featured_media":5788,"comment_status":"open","ping_status":"closed","template":"","meta":[],"authors":[108],"publishers":[],"product_brand":[],"product_cat":[96],"product_tag":[],"class_list":{"0":"post-4687","1":"product","2":"type-product","3":"status-publish","4":"has-post-thumbnail","6":"authors-ouvrage_collectif","7":"product_cat-melanges","8":"entry","9":"has-media","12":"first","13":"instock","14":"shipping-taxable","15":"purchasable","16":"product-type-simple","17":"has-product-nav","18":"col","19":"span_1_of_4","20":"owp-content-center","21":"owp-thumbs-layout-horizontal","22":"owp-btn-normal","23":"owp-tabs-layout-horizontal","24":"has-no-thumbnails"},"jetpack_sharing_enabled":true,"_links":{"self":[{"href":"https:\/\/leseditionsducredij.org\/index.php\/wp-json\/wp\/v2\/product\/4687","targetHints":{"allow":["GET"]}}],"collection":[{"href":"https:\/\/leseditionsducredij.org\/index.php\/wp-json\/wp\/v2\/product"}],"about":[{"href":"https:\/\/leseditionsducredij.org\/index.php\/wp-json\/wp\/v2\/types\/product"}],"replies":[{"embeddable":true,"href":"https:\/\/leseditionsducredij.org\/index.php\/wp-json\/wp\/v2\/comments?post=4687"}],"wp:featuredmedia":[{"embeddable":true,"href":"https:\/\/leseditionsducredij.org\/index.php\/wp-json\/wp\/v2\/media\/5788"}],"wp:attachment":[{"href":"https:\/\/leseditionsducredij.org\/index.php\/wp-json\/wp\/v2\/media?parent=4687"}],"wp:term":[{"taxonomy":"authors","embeddable":true,"href":"https:\/\/leseditionsducredij.org\/index.php\/wp-json\/wp\/v2\/authors?post=4687"},{"taxonomy":"publishers","embeddable":true,"href":"https:\/\/leseditionsducredij.org\/index.php\/wp-json\/wp\/v2\/publishers?post=4687"},{"taxonomy":"product_brand","embeddable":true,"href":"https:\/\/leseditionsducredij.org\/index.php\/wp-json\/wp\/v2\/product_brand?post=4687"},{"taxonomy":"product_cat","embeddable":true,"href":"https:\/\/leseditionsducredij.org\/index.php\/wp-json\/wp\/v2\/product_cat?post=4687"},{"taxonomy":"product_tag","embeddable":true,"href":"https:\/\/leseditionsducredij.org\/index.php\/wp-json\/wp\/v2\/product_tag?post=4687"}],"curies":[{"name":"wp","href":"https:\/\/api.w.org\/{rel}","templated":true}]}}