{"id":4276,"date":"2023-04-11T15:22:59","date_gmt":"2023-04-11T14:22:59","guid":{"rendered":"https:\/\/leseditionsducredij.org\/?post_type=product&#038;p=4276"},"modified":"2025-10-29T16:40:08","modified_gmt":"2025-10-29T15:40:08","slug":"code-de-procedure-civile-commerciale-sociale-administrative-et-des-comptes-commente-et-annote-2019","status":"publish","type":"product","link":"https:\/\/leseditionsducredij.org\/index.php\/produit\/code-de-procedure-civile-commerciale-sociale-administrative-et-des-comptes-commente-et-annote-2019\/","title":{"rendered":"Code de proc\u00e9dure civile, commerciale, sociale, administrative et des comptes comment\u00e9 et annot\u00e9, 2019"},"content":{"rendered":"<p>DJOGBENOU (dir.), <em>Code de proc\u00e9dure civile, commerciale, sociale, administrative et des comptes comment\u00e9 et annot\u00e9<\/em>, 2019, 499 pages<\/p>\n","protected":false},"excerpt":{"rendered":"<p>DJOGBENOU (dir.), <em>Code de proc\u00e9dure civile, commerciale, sociale, administrative et des comptes comment\u00e9 et annot\u00e9<\/em>, 2019, 499 pages<\/p>\n","protected":false},"featured_media":5775,"comment_status":"open","ping_status":"closed","template":"","meta":[],"authors":[98],"publishers":[],"product_brand":[],"product_cat":[91],"product_tag":[],"class_list":{"0":"post-4276","1":"product","2":"type-product","3":"status-publish","4":"has-post-thumbnail","6":"authors-joseph-djogbenou","7":"product_cat-code","8":"entry","9":"has-media","12":"first","13":"instock","14":"shipping-taxable","15":"purchasable","16":"product-type-simple","17":"has-product-nav","18":"col","19":"span_1_of_4","20":"owp-content-center","21":"owp-thumbs-layout-horizontal","22":"owp-btn-normal","23":"owp-tabs-layout-horizontal","24":"has-no-thumbnails"},"jetpack_sharing_enabled":true,"_links":{"self":[{"href":"https:\/\/leseditionsducredij.org\/index.php\/wp-json\/wp\/v2\/product\/4276","targetHints":{"allow":["GET"]}}],"collection":[{"href":"https:\/\/leseditionsducredij.org\/index.php\/wp-json\/wp\/v2\/product"}],"about":[{"href":"https:\/\/leseditionsducredij.org\/index.php\/wp-json\/wp\/v2\/types\/product"}],"replies":[{"embeddable":true,"href":"https:\/\/leseditionsducredij.org\/index.php\/wp-json\/wp\/v2\/comments?post=4276"}],"wp:featuredmedia":[{"embeddable":true,"href":"https:\/\/leseditionsducredij.org\/index.php\/wp-json\/wp\/v2\/media\/5775"}],"wp:attachment":[{"href":"https:\/\/leseditionsducredij.org\/index.php\/wp-json\/wp\/v2\/media?parent=4276"}],"wp:term":[{"taxonomy":"authors","embeddable":true,"href":"https:\/\/leseditionsducredij.org\/index.php\/wp-json\/wp\/v2\/authors?post=4276"},{"taxonomy":"publishers","embeddable":true,"href":"https:\/\/leseditionsducredij.org\/index.php\/wp-json\/wp\/v2\/publishers?post=4276"},{"taxonomy":"product_brand","embeddable":true,"href":"https:\/\/leseditionsducredij.org\/index.php\/wp-json\/wp\/v2\/product_brand?post=4276"},{"taxonomy":"product_cat","embeddable":true,"href":"https:\/\/leseditionsducredij.org\/index.php\/wp-json\/wp\/v2\/product_cat?post=4276"},{"taxonomy":"product_tag","embeddable":true,"href":"https:\/\/leseditionsducredij.org\/index.php\/wp-json\/wp\/v2\/product_tag?post=4276"}],"curies":[{"name":"wp","href":"https:\/\/api.w.org\/{rel}","templated":true}]}}