{"id":4275,"date":"2023-04-13T15:18:53","date_gmt":"2023-04-13T14:18:53","guid":{"rendered":"https:\/\/leseditionsducredij.org\/?post_type=product&#038;p=4275"},"modified":"2026-04-15T11:24:48","modified_gmt":"2026-04-15T10:24:48","slug":"lindependance-du-pouvoir-judiciaire-dans-les-etats-dafrique-francophone-cas-du-benin-et-du-senegal","status":"publish","type":"product","link":"https:\/\/leseditionsducredij.org\/index.php\/produit\/lindependance-du-pouvoir-judiciaire-dans-les-etats-dafrique-francophone-cas-du-benin-et-du-senegal\/","title":{"rendered":"L\u2019ind\u00e9pendance du pouvoir judiciaire dans les Etats d\u2019Afrique francophone : cas du B\u00e9nin et du S\u00e9n\u00e9gal"},"content":{"rendered":"<p>Gildas NONNOU, <em>L\u2019ind\u00e9pendance du pouvoir judiciaire dans les Etats d\u2019Afrique francophone : cas du B\u00e9nin et du S\u00e9n\u00e9gal<\/em>, Pr\u00e9face de Joseph DJOGBENOU, 2020, Collection Th\u00e8ses, 553 pages<\/p>\n","protected":false},"excerpt":{"rendered":"<p>Gildas NONNOU, <em>L\u2019ind\u00e9pendance du pouvoir judiciaire dans les Etats d\u2019Afrique francophone : cas du B\u00e9nin et du S\u00e9n\u00e9gal<\/em>, Pr\u00e9face de Joseph DJOGBENOU, 2020, Collection Th\u00e8ses, 553 pages<\/p>\n","protected":false},"featured_media":4623,"comment_status":"open","ping_status":"closed","template":"","meta":[],"authors":[104],"publishers":[],"product_brand":[],"product_cat":[95],"product_tag":[],"class_list":{"0":"post-4275","1":"product","2":"type-product","3":"status-publish","4":"has-post-thumbnail","6":"authors-e-gildas-nonnou","7":"product_cat-these","8":"entry","9":"has-media","12":"first","13":"onbackorder","14":"shipping-taxable","15":"purchasable","16":"product-type-simple","17":"has-product-nav","18":"col","19":"span_1_of_4","20":"owp-content-center","21":"owp-thumbs-layout-horizontal","22":"owp-btn-normal","23":"owp-tabs-layout-horizontal","24":"has-no-thumbnails"},"jetpack_sharing_enabled":true,"_links":{"self":[{"href":"https:\/\/leseditionsducredij.org\/index.php\/wp-json\/wp\/v2\/product\/4275","targetHints":{"allow":["GET"]}}],"collection":[{"href":"https:\/\/leseditionsducredij.org\/index.php\/wp-json\/wp\/v2\/product"}],"about":[{"href":"https:\/\/leseditionsducredij.org\/index.php\/wp-json\/wp\/v2\/types\/product"}],"replies":[{"embeddable":true,"href":"https:\/\/leseditionsducredij.org\/index.php\/wp-json\/wp\/v2\/comments?post=4275"}],"wp:featuredmedia":[{"embeddable":true,"href":"https:\/\/leseditionsducredij.org\/index.php\/wp-json\/wp\/v2\/media\/4623"}],"wp:attachment":[{"href":"https:\/\/leseditionsducredij.org\/index.php\/wp-json\/wp\/v2\/media?parent=4275"}],"wp:term":[{"taxonomy":"authors","embeddable":true,"href":"https:\/\/leseditionsducredij.org\/index.php\/wp-json\/wp\/v2\/authors?post=4275"},{"taxonomy":"publishers","embeddable":true,"href":"https:\/\/leseditionsducredij.org\/index.php\/wp-json\/wp\/v2\/publishers?post=4275"},{"taxonomy":"product_brand","embeddable":true,"href":"https:\/\/leseditionsducredij.org\/index.php\/wp-json\/wp\/v2\/product_brand?post=4275"},{"taxonomy":"product_cat","embeddable":true,"href":"https:\/\/leseditionsducredij.org\/index.php\/wp-json\/wp\/v2\/product_cat?post=4275"},{"taxonomy":"product_tag","embeddable":true,"href":"https:\/\/leseditionsducredij.org\/index.php\/wp-json\/wp\/v2\/product_tag?post=4275"}],"curies":[{"name":"wp","href":"https:\/\/api.w.org\/{rel}","templated":true}]}}