{"id":4271,"date":"2023-04-14T15:07:59","date_gmt":"2023-04-14T14:07:59","guid":{"rendered":"https:\/\/leseditionsducredij.org\/?post_type=product&#038;p=4271"},"modified":"2026-01-30T11:20:38","modified_gmt":"2026-01-30T10:20:38","slug":"code-penal-commente-et-annote-2020","status":"publish","type":"product","link":"https:\/\/leseditionsducredij.org\/index.php\/produit\/code-penal-commente-et-annote-2020\/","title":{"rendered":"Code p\u00e9nal comment\u00e9 et annot\u00e9, 2020"},"content":{"rendered":"<p>DJOGBENOU (dir.),<em> Code p\u00e9nal comment\u00e9 et annot\u00e9, <\/em>2020, 535 pages<\/p>\n","protected":false},"excerpt":{"rendered":"<p>DJOGBENOU (dir.),<em> Code p\u00e9nal comment\u00e9 et annot\u00e9, <\/em>2020, 535 pages<\/p>\n","protected":false},"featured_media":4629,"comment_status":"open","ping_status":"closed","template":"","meta":[],"authors":[98],"publishers":[],"product_brand":[],"product_cat":[91],"product_tag":[],"class_list":{"0":"post-4271","1":"product","2":"type-product","3":"status-publish","4":"has-post-thumbnail","6":"authors-joseph-djogbenou","7":"product_cat-code","8":"entry","9":"has-media","12":"first","13":"instock","14":"shipping-taxable","15":"purchasable","16":"product-type-simple","17":"has-product-nav","18":"col","19":"span_1_of_4","20":"owp-content-center","21":"owp-thumbs-layout-horizontal","22":"owp-btn-normal","23":"owp-tabs-layout-horizontal","24":"has-no-thumbnails"},"jetpack_sharing_enabled":true,"_links":{"self":[{"href":"https:\/\/leseditionsducredij.org\/index.php\/wp-json\/wp\/v2\/product\/4271","targetHints":{"allow":["GET"]}}],"collection":[{"href":"https:\/\/leseditionsducredij.org\/index.php\/wp-json\/wp\/v2\/product"}],"about":[{"href":"https:\/\/leseditionsducredij.org\/index.php\/wp-json\/wp\/v2\/types\/product"}],"replies":[{"embeddable":true,"href":"https:\/\/leseditionsducredij.org\/index.php\/wp-json\/wp\/v2\/comments?post=4271"}],"wp:featuredmedia":[{"embeddable":true,"href":"https:\/\/leseditionsducredij.org\/index.php\/wp-json\/wp\/v2\/media\/4629"}],"wp:attachment":[{"href":"https:\/\/leseditionsducredij.org\/index.php\/wp-json\/wp\/v2\/media?parent=4271"}],"wp:term":[{"taxonomy":"authors","embeddable":true,"href":"https:\/\/leseditionsducredij.org\/index.php\/wp-json\/wp\/v2\/authors?post=4271"},{"taxonomy":"publishers","embeddable":true,"href":"https:\/\/leseditionsducredij.org\/index.php\/wp-json\/wp\/v2\/publishers?post=4271"},{"taxonomy":"product_brand","embeddable":true,"href":"https:\/\/leseditionsducredij.org\/index.php\/wp-json\/wp\/v2\/product_brand?post=4271"},{"taxonomy":"product_cat","embeddable":true,"href":"https:\/\/leseditionsducredij.org\/index.php\/wp-json\/wp\/v2\/product_cat?post=4271"},{"taxonomy":"product_tag","embeddable":true,"href":"https:\/\/leseditionsducredij.org\/index.php\/wp-json\/wp\/v2\/product_tag?post=4271"}],"curies":[{"name":"wp","href":"https:\/\/api.w.org\/{rel}","templated":true}]}}