{"id":4262,"date":"2023-04-17T14:49:29","date_gmt":"2023-04-17T13:49:29","guid":{"rendered":"https:\/\/leseditionsducredij.org\/?post_type=product&#038;p=4262"},"modified":"2025-07-16T12:11:17","modified_gmt":"2025-07-16T11:11:17","slug":"lessentiel-de-la-procedure-penale","status":"publish","type":"product","link":"https:\/\/leseditionsducredij.org\/index.php\/produit\/lessentiel-de-la-procedure-penale\/","title":{"rendered":"L&rsquo;ESSENTIEL DE LA PROC\u00c9DURE P\u00c9NALE"},"content":{"rendered":"<p>Suivant une formule consacr\u00e9e, la proc\u00e9dure p\u00e9nale est le droit p\u00e9nal en action. Si la connaissance de la proc\u00e9dure p\u00e9nale est indispensable pour tout juriste qui entend ma\u00eetriser les codes du proc\u00e8s p\u00e9nal, elle vient \u00e9galement de mani\u00e8re concr\u00e8te satisfaire le besoin d&rsquo;approfondissement de certaines questions dans le cadre de la pr\u00e9paration des examens et concours d&rsquo;acc\u00e8s aux carri\u00e8res judiciaires.<\/p>\n<p>C&rsquo;est l&rsquo;objectif de cet ouvrage qui, en dix chapitres suivant la chronologie du proc\u00e8s p\u00e9nal, permet de mieux ma\u00eetriser la technique et de prendre la hauteur de vue n\u00e9cessaire \u00e0 la compr\u00e9hension d&rsquo;une mati\u00e8re complexe.<\/p>\n<p>L&rsquo;ouvrage insiste sur les grandes probl\u00e9matiques actuelles de la proc\u00e9dure p\u00e9nale. Une place particuli\u00e8re est faite aux \u00e9volutions r\u00e9centes de la mati\u00e8re, et notamment aux toutes derni\u00e8res lois r\u00e9formant la justice p\u00e9nale.<\/p>\n<p>L&rsquo;ouvrage est donc destin\u00e9, entre autre aux \u00e9tudiants de licence et de master mais aussi aux citoyens soucieux de conna\u00eetre leurs droits et les pouvoirs des policiers et des magistrats.<\/p>\n","protected":false},"excerpt":{"rendered":"<p>ADAMOU<em>, L\u2019essentiel de la proc\u00e9dure p\u00e9nale, <\/em>2022, 423 pages<\/p>\n","protected":false},"featured_media":5769,"comment_status":"open","ping_status":"closed","template":"","meta":[],"authors":[97],"publishers":[],"product_brand":[],"product_cat":[92],"product_tag":[],"class_list":{"0":"post-4262","1":"product","2":"type-product","3":"status-publish","4":"has-post-thumbnail","6":"authors-moktar-adamou","7":"product_cat-cours-et-manuels","8":"entry","9":"has-media","12":"first","13":"instock","14":"shipping-taxable","15":"purchasable","16":"product-type-simple","17":"has-product-nav","18":"col","19":"span_1_of_4","20":"owp-content-center","21":"owp-thumbs-layout-horizontal","22":"owp-btn-normal","23":"owp-tabs-layout-horizontal","24":"has-no-thumbnails"},"jetpack_sharing_enabled":true,"_links":{"self":[{"href":"https:\/\/leseditionsducredij.org\/index.php\/wp-json\/wp\/v2\/product\/4262","targetHints":{"allow":["GET"]}}],"collection":[{"href":"https:\/\/leseditionsducredij.org\/index.php\/wp-json\/wp\/v2\/product"}],"about":[{"href":"https:\/\/leseditionsducredij.org\/index.php\/wp-json\/wp\/v2\/types\/product"}],"replies":[{"embeddable":true,"href":"https:\/\/leseditionsducredij.org\/index.php\/wp-json\/wp\/v2\/comments?post=4262"}],"wp:featuredmedia":[{"embeddable":true,"href":"https:\/\/leseditionsducredij.org\/index.php\/wp-json\/wp\/v2\/media\/5769"}],"wp:attachment":[{"href":"https:\/\/leseditionsducredij.org\/index.php\/wp-json\/wp\/v2\/media?parent=4262"}],"wp:term":[{"taxonomy":"authors","embeddable":true,"href":"https:\/\/leseditionsducredij.org\/index.php\/wp-json\/wp\/v2\/authors?post=4262"},{"taxonomy":"publishers","embeddable":true,"href":"https:\/\/leseditionsducredij.org\/index.php\/wp-json\/wp\/v2\/publishers?post=4262"},{"taxonomy":"product_brand","embeddable":true,"href":"https:\/\/leseditionsducredij.org\/index.php\/wp-json\/wp\/v2\/product_brand?post=4262"},{"taxonomy":"product_cat","embeddable":true,"href":"https:\/\/leseditionsducredij.org\/index.php\/wp-json\/wp\/v2\/product_cat?post=4262"},{"taxonomy":"product_tag","embeddable":true,"href":"https:\/\/leseditionsducredij.org\/index.php\/wp-json\/wp\/v2\/product_tag?post=4262"}],"curies":[{"name":"wp","href":"https:\/\/api.w.org\/{rel}","templated":true}]}}