{"id":4253,"date":"2023-04-18T14:35:56","date_gmt":"2023-04-18T13:35:56","guid":{"rendered":"https:\/\/leseditionsducredij.org\/?post_type=product&#038;p=4253"},"modified":"2025-07-08T20:15:02","modified_gmt":"2025-07-08T19:15:02","slug":"introduction-a-la-theorie-generale-de-la-justice-et-du-proces-2022","status":"publish","type":"product","link":"https:\/\/leseditionsducredij.org\/index.php\/produit\/introduction-a-la-theorie-generale-de-la-justice-et-du-proces-2022\/","title":{"rendered":"Introduction \u00e0 la th\u00e9orie g\u00e9n\u00e9rale de la justice et du proc\u00e8s, 2022,"},"content":{"rendered":"<p>Pour \u00eatre g\u00e9n\u00e9rale, toute th\u00e9orie a pour objet les ph\u00e9nom\u00e8nes juridiques dans leur compl\u00e9tude et ambitionne saisir la r\u00e9alit\u00e9 dans sa totalit\u00e9. M\u00eame si, dans l&rsquo;absolu, aucune th\u00e9orie n&rsquo;est id\u00e9alement et parfaitement g\u00e9n\u00e9rale, l&rsquo;effort d&rsquo;abstraction permet d&rsquo;\u00e9chapper aux fronti\u00e8res culturelles, p\u00e9dagogiques voire acad\u00e9miques. Aussi, dans une perspective horizontale, la th\u00e9orie g\u00e9n\u00e9rale du proc\u00e8s \u00e9chappe-t-elle au rapport droit priv\u00e9 et droit public, droit national et droit international, droit moderne et droit traditionnel. Tout au plus, l&rsquo;analyse conduira \u00e0 r\u00e9affirmer l&rsquo;universalit\u00e9 de la pr\u00e9sence du droit et de l&rsquo;aspiration \u00e0 la justice qui en est la fin. Mais dans une perspective verticale, l&rsquo;incursion dans les m\u00e9andres de la profondeur ou la prise de hauteur dans l&rsquo;\u00e9tude du proc\u00e8s offrira de solliciter les concepts et les valeurs, les fins et les mod\u00e8les et de s&rsquo;interroger sur l&rsquo;organisation du proc\u00e8s par le droit. Dans l&rsquo;une ou l&rsquo;autre hypoth\u00e8se, il est n\u00e9cessaire de s&rsquo;interroger sur les fonctions et les conditions du proc\u00e8s.<\/p>\n","protected":false},"excerpt":{"rendered":"<p>DJOGBENOU, Introduction \u00e0 la th\u00e9orie g\u00e9n\u00e9rale de la justice et du proc\u00e8s<em>, <\/em>2022, 122 pages<\/p>\n","protected":false},"featured_media":4594,"comment_status":"open","ping_status":"closed","template":"","meta":[],"authors":[98],"publishers":[],"product_brand":[],"product_cat":[92],"product_tag":[],"class_list":{"0":"post-4253","1":"product","2":"type-product","3":"status-publish","4":"has-post-thumbnail","6":"authors-joseph-djogbenou","7":"product_cat-cours-et-manuels","8":"entry","9":"has-media","12":"first","13":"outofstock","14":"shipping-taxable","15":"purchasable","16":"product-type-simple","17":"has-product-nav","18":"col","19":"span_1_of_4","20":"owp-content-center","21":"owp-thumbs-layout-horizontal","22":"owp-btn-normal","23":"owp-tabs-layout-horizontal","24":"has-no-thumbnails"},"jetpack_sharing_enabled":true,"_links":{"self":[{"href":"https:\/\/leseditionsducredij.org\/index.php\/wp-json\/wp\/v2\/product\/4253","targetHints":{"allow":["GET"]}}],"collection":[{"href":"https:\/\/leseditionsducredij.org\/index.php\/wp-json\/wp\/v2\/product"}],"about":[{"href":"https:\/\/leseditionsducredij.org\/index.php\/wp-json\/wp\/v2\/types\/product"}],"replies":[{"embeddable":true,"href":"https:\/\/leseditionsducredij.org\/index.php\/wp-json\/wp\/v2\/comments?post=4253"}],"wp:featuredmedia":[{"embeddable":true,"href":"https:\/\/leseditionsducredij.org\/index.php\/wp-json\/wp\/v2\/media\/4594"}],"wp:attachment":[{"href":"https:\/\/leseditionsducredij.org\/index.php\/wp-json\/wp\/v2\/media?parent=4253"}],"wp:term":[{"taxonomy":"authors","embeddable":true,"href":"https:\/\/leseditionsducredij.org\/index.php\/wp-json\/wp\/v2\/authors?post=4253"},{"taxonomy":"publishers","embeddable":true,"href":"https:\/\/leseditionsducredij.org\/index.php\/wp-json\/wp\/v2\/publishers?post=4253"},{"taxonomy":"product_brand","embeddable":true,"href":"https:\/\/leseditionsducredij.org\/index.php\/wp-json\/wp\/v2\/product_brand?post=4253"},{"taxonomy":"product_cat","embeddable":true,"href":"https:\/\/leseditionsducredij.org\/index.php\/wp-json\/wp\/v2\/product_cat?post=4253"},{"taxonomy":"product_tag","embeddable":true,"href":"https:\/\/leseditionsducredij.org\/index.php\/wp-json\/wp\/v2\/product_tag?post=4253"}],"curies":[{"name":"wp","href":"https:\/\/api.w.org\/{rel}","templated":true}]}}